
{"id":2707,"date":"2023-04-04T15:21:46","date_gmt":"2023-04-04T15:21:46","guid":{"rendered":"https:\/\/mctrieuphucnguyen.com\/?page_id=2707"},"modified":"2023-04-04T15:24:40","modified_gmt":"2023-04-04T15:24:40","slug":"blog","status":"publish","type":"page","link":"https:\/\/mctrieuphucnguyen.com\/?page_id=2707","title":{"rendered":"Blog"},"content":{"rendered":"\n<p>N\u01a1i t\u00f4i chia s\u1ebb nh\u1eefng c\u00e2u chuy\u1ec7n th\u1eadt hay m\u00e0 t\u00f4i \u0111\u00e3 tr\u1ea3i qua trong su\u1ed1t qu\u00e1 tr\u00ecnh g\u1eafn b\u00f3 v\u1edbi c\u00f4ng vi\u1ec7c MC c\u1ee7a m\u00ecnh!<\/p>\n","protected":false},"excerpt":{"rendered":"<p>N\u01a1i t\u00f4i chia s\u1ebb nh\u1eefng c\u00e2u chuy\u1ec7n th\u1eadt hay m\u00e0 t\u00f4i \u0111\u00e3 tr\u1ea3i qua trong su\u1ed1t qu\u00e1 tr\u00ecnh g\u1eafn b\u00f3 v\u1edbi c\u00f4ng vi\u1ec7c MC c\u1ee7a m\u00ecnh!<\/p>\n","protected":false},"author":1,"featured_media":0,"parent":0,"menu_order":0,"comment_status":"closed","ping_status":"closed","template":"","meta":{"_monsterinsights_skip_tracking":false,"_monsterinsights_sitenote_active":false,"_monsterinsights_sitenote_note":"","_monsterinsights_sitenote_category":0,"footnotes":""},"class_list":["post-2707","page","type-page","status-publish","hentry","single-blog-list-item"],"aioseo_notices":[],"_links":{"self":[{"href":"https:\/\/mctrieuphucnguyen.com\/index.php?rest_route=\/wp\/v2\/pages\/2707","targetHints":{"allow":["GET"]}}],"collection":[{"href":"https:\/\/mctrieuphucnguyen.com\/index.php?rest_route=\/wp\/v2\/pages"}],"about":[{"href":"https:\/\/mctrieuphucnguyen.com\/index.php?rest_route=\/wp\/v2\/types\/page"}],"author":[{"embeddable":true,"href":"https:\/\/mctrieuphucnguyen.com\/index.php?rest_route=\/wp\/v2\/users\/1"}],"replies":[{"embeddable":true,"href":"https:\/\/mctrieuphucnguyen.com\/index.php?rest_route=%2Fwp%2Fv2%2Fcomments&post=2707"}],"version-history":[{"count":2,"href":"https:\/\/mctrieuphucnguyen.com\/index.php?rest_route=\/wp\/v2\/pages\/2707\/revisions"}],"predecessor-version":[{"id":2711,"href":"https:\/\/mctrieuphucnguyen.com\/index.php?rest_route=\/wp\/v2\/pages\/2707\/revisions\/2711"}],"wp:attachment":[{"href":"https:\/\/mctrieuphucnguyen.com\/index.php?rest_route=%2Fwp%2Fv2%2Fmedia&parent=2707"}],"curies":[{"name":"wp","href":"https:\/\/api.w.org\/{rel}","templated":true}]}}